{"id":81,"date":"2019-11-18T22:51:06","date_gmt":"2019-11-18T21:51:06","guid":{"rendered":"http:\/\/www.adronix.ch\/?page_id=81"},"modified":"2019-11-18T23:24:29","modified_gmt":"2019-11-18T22:24:29","slug":"emplois","status":"publish","type":"page","link":"https:\/\/adronix.ch\/?page_id=81","title":{"rendered":"Emplois"},"content":{"rendered":"\n<h2 class=\"wp-block-heading\">Actuellement nous cherchons:<\/h2>\n\n\n\n<p>Aucun poste ni place de stage n&rsquo;est \u00e0 repourvoir.<\/p>\n\n\n\n<p>Nous ne r\u00e9pondons donc pas aux offres spontan\u00e9es.<\/p>\n\n\n\n<p><\/p>\n","protected":false},"excerpt":{"rendered":"<p>Actuellement nous cherchons: Aucun poste ni place de stage n&rsquo;est \u00e0 repourvoir. Nous ne r\u00e9pondons donc pas aux offres spontan\u00e9es.<\/p>\n","protected":false},"author":1,"featured_media":0,"parent":0,"menu_order":0,"comment_status":"closed","ping_status":"closed","template":"","meta":{"footnotes":""},"class_list":["post-81","page","type-page","status-publish","hentry"],"_links":{"self":[{"href":"https:\/\/adronix.ch\/index.php?rest_route=\/wp\/v2\/pages\/81"}],"collection":[{"href":"https:\/\/adronix.ch\/index.php?rest_route=\/wp\/v2\/pages"}],"about":[{"href":"https:\/\/adronix.ch\/index.php?rest_route=\/wp\/v2\/types\/page"}],"author":[{"embeddable":true,"href":"https:\/\/adronix.ch\/index.php?rest_route=\/wp\/v2\/users\/1"}],"replies":[{"embeddable":true,"href":"https:\/\/adronix.ch\/index.php?rest_route=%2Fwp%2Fv2%2Fcomments&post=81"}],"version-history":[{"count":2,"href":"https:\/\/adronix.ch\/index.php?rest_route=\/wp\/v2\/pages\/81\/revisions"}],"predecessor-version":[{"id":110,"href":"https:\/\/adronix.ch\/index.php?rest_route=\/wp\/v2\/pages\/81\/revisions\/110"}],"wp:attachment":[{"href":"https:\/\/adronix.ch\/index.php?rest_route=%2Fwp%2Fv2%2Fmedia&parent=81"}],"curies":[{"name":"wp","href":"https:\/\/api.w.org\/{rel}","templated":true}]}}