{"id":70,"date":"2019-11-18T22:37:18","date_gmt":"2019-11-18T21:37:18","guid":{"rendered":"http:\/\/www.adronix.ch\/?page_id=70"},"modified":"2025-10-25T23:47:16","modified_gmt":"2025-10-25T21:47:16","slug":"services","status":"publish","type":"page","link":"https:\/\/adronix.ch\/?page_id=70","title":{"rendered":"D\u00e9veloppement d&rsquo;applications embarqu\u00e9es industrielles"},"content":{"rendered":"<div class=\"wp-block-image\">\n<figure class=\"alignright size-large is-resized\"><img loading=\"lazy\" decoding=\"async\" width=\"1024\" height=\"768\" src=\"https:\/\/adronix.ch\/wp-content\/uploads\/2025\/10\/IMG_20251024_123735-1024x768.jpg\" alt=\"\" class=\"wp-image-285\" style=\"width:357px;height:auto\" srcset=\"https:\/\/adronix.ch\/wp-content\/uploads\/2025\/10\/IMG_20251024_123735-1024x768.jpg 1024w, https:\/\/adronix.ch\/wp-content\/uploads\/2025\/10\/IMG_20251024_123735-300x225.jpg 300w, https:\/\/adronix.ch\/wp-content\/uploads\/2025\/10\/IMG_20251024_123735-768x576.jpg 768w, https:\/\/adronix.ch\/wp-content\/uploads\/2025\/10\/IMG_20251024_123735-1536x1152.jpg 1536w, https:\/\/adronix.ch\/wp-content\/uploads\/2025\/10\/IMG_20251024_123735-2048x1536.jpg 2048w\" sizes=\"(max-width: 1024px) 100vw, 1024px\" \/><\/figure><\/div>\n\n\n<h3 class=\"wp-block-heading\"><a href=\"https:\/\/adronix.ch\/?page_id=262\" data-type=\"page\" data-id=\"262\">D\u00e9veloppement \u00e9lectronique<\/a><\/h3>\n\n\n\n<h3 class=\"wp-block-heading\"><a href=\"https:\/\/adronix.ch\/?page_id=265\" data-type=\"page\" data-id=\"265\">Programmation embarqu\u00e9e<\/a><\/h3>\n\n\n\n<p><\/p>\n","protected":false},"excerpt":{"rendered":"<p>D\u00e9veloppement \u00e9lectronique Programmation embarqu\u00e9e<\/p>\n","protected":false},"author":1,"featured_media":0,"parent":0,"menu_order":0,"comment_status":"closed","ping_status":"closed","template":"","meta":{"footnotes":""},"class_list":["post-70","page","type-page","status-publish","hentry"],"_links":{"self":[{"href":"https:\/\/adronix.ch\/index.php?rest_route=\/wp\/v2\/pages\/70"}],"collection":[{"href":"https:\/\/adronix.ch\/index.php?rest_route=\/wp\/v2\/pages"}],"about":[{"href":"https:\/\/adronix.ch\/index.php?rest_route=\/wp\/v2\/types\/page"}],"author":[{"embeddable":true,"href":"https:\/\/adronix.ch\/index.php?rest_route=\/wp\/v2\/users\/1"}],"replies":[{"embeddable":true,"href":"https:\/\/adronix.ch\/index.php?rest_route=%2Fwp%2Fv2%2Fcomments&post=70"}],"version-history":[{"count":19,"href":"https:\/\/adronix.ch\/index.php?rest_route=\/wp\/v2\/pages\/70\/revisions"}],"predecessor-version":[{"id":289,"href":"https:\/\/adronix.ch\/index.php?rest_route=\/wp\/v2\/pages\/70\/revisions\/289"}],"wp:attachment":[{"href":"https:\/\/adronix.ch\/index.php?rest_route=%2Fwp%2Fv2%2Fmedia&parent=70"}],"curies":[{"name":"wp","href":"https:\/\/api.w.org\/{rel}","templated":true}]}}