{"id":29,"date":"2019-11-18T21:27:18","date_gmt":"2019-11-18T20:27:18","guid":{"rendered":"http:\/\/www.adronix.ch\/?page_id=29"},"modified":"2026-01-10T22:24:43","modified_gmt":"2026-01-10T21:24:43","slug":"nous","status":"publish","type":"page","link":"https:\/\/adronix.ch\/?page_id=29","title":{"rendered":"Nous"},"content":{"rendered":"\n<p><\/p>\n\n\n<p><!--StartFragment--><\/p>\n\n\n<p><strong>ADronix<\/strong> est une soci\u00e9t\u00e9 sp\u00e9cialis\u00e9e dans le conseil en m\u00e9catronique, automation et informatique embarqu\u00e9e.<\/p>\n\n\n\n<p>Faire appel \u00e0 <strong>ADronix<\/strong> c&rsquo;est s&rsquo;adjoindre les services d&rsquo;une soci\u00e9t\u00e9 poss\u00e9dant plus de 30 ans d&rsquo;exp\u00e9rience dans le d\u00e9veloppement technique et l&rsquo;industrialisation.<\/p>\n\n\n\n<p><strong>Coach technologique<\/strong>: <a href=\"http:\/\/linkedin.com\/in\/philippe-amez-droz-3b43946\">Philippe Amez-Droz<\/a>, ing.\u00e9l. dipl. EPFL<\/p>\n\n\n\n<p>Pour une PME, il est difficile d&rsquo;avoir en interne toutes les comp\u00e9tences techniques. Pouvoir profiter de sp\u00e9cialistes est beaucoup plus rentable en terme de performance, de co\u00fbt, de d\u00e9lai de mise sur le march\u00e9 et de fiabilit\u00e9.<\/p>\n\n\n\n<p>Un regard ext\u00e9rieur permet souvent d&rsquo;\u00e9viter de rester dans sa routine ou de d\u00e9bloquer une situation dans laquelle on pi\u00e9tine depuis quelques temps.<\/p>\n\n\n\n<p>Travailler avec <strong>ADronix<\/strong> c&rsquo;est travailler avec<\/p>\n\n\n\n<p><font color=\"#db2300\">LES ARTISANS MECATRONICIENS<\/font><\/p>\n\n\n<p><!--EndFragment--><\/p>","protected":false},"excerpt":{"rendered":"<p>ADronix est une soci\u00e9t\u00e9 sp\u00e9cialis\u00e9e dans le conseil en m\u00e9catronique, automation et informatique embarqu\u00e9e. Faire appel \u00e0 ADronix c&rsquo;est s&rsquo;adjoindre les services d&rsquo;une soci\u00e9t\u00e9 poss\u00e9dant plus de 30 ans d&rsquo;exp\u00e9rience dans le d\u00e9veloppement technique et l&rsquo;industrialisation. Coach technologique: Philippe Amez-Droz, ing.\u00e9l. dipl. EPFL Pour une PME, il est difficile d&rsquo;avoir en interne toutes les comp\u00e9tences<\/p><\/div>\n<div class=\"blog-btn\"><a href=\"https:\/\/adronix.ch\/?page_id=29\" class=\"home-blog-btn\">Lire la suite<\/a><\/p>\n","protected":false},"author":1,"featured_media":0,"parent":0,"menu_order":0,"comment_status":"closed","ping_status":"closed","template":"","meta":{"footnotes":""},"class_list":["post-29","page","type-page","status-publish","hentry"],"_links":{"self":[{"href":"https:\/\/adronix.ch\/index.php?rest_route=\/wp\/v2\/pages\/29"}],"collection":[{"href":"https:\/\/adronix.ch\/index.php?rest_route=\/wp\/v2\/pages"}],"about":[{"href":"https:\/\/adronix.ch\/index.php?rest_route=\/wp\/v2\/types\/page"}],"author":[{"embeddable":true,"href":"https:\/\/adronix.ch\/index.php?rest_route=\/wp\/v2\/users\/1"}],"replies":[{"embeddable":true,"href":"https:\/\/adronix.ch\/index.php?rest_route=%2Fwp%2Fv2%2Fcomments&post=29"}],"version-history":[{"count":14,"href":"https:\/\/adronix.ch\/index.php?rest_route=\/wp\/v2\/pages\/29\/revisions"}],"predecessor-version":[{"id":334,"href":"https:\/\/adronix.ch\/index.php?rest_route=\/wp\/v2\/pages\/29\/revisions\/334"}],"wp:attachment":[{"href":"https:\/\/adronix.ch\/index.php?rest_route=%2Fwp%2Fv2%2Fmedia&parent=29"}],"curies":[{"name":"wp","href":"https:\/\/api.w.org\/{rel}","templated":true}]}}