{"id":27,"date":"2019-11-18T21:27:18","date_gmt":"2019-11-18T20:27:18","guid":{"rendered":"http:\/\/www.adronix.ch\/?page_id=27"},"modified":"2024-09-23T20:13:36","modified_gmt":"2024-09-23T18:13:36","slug":"services-pour-pme","status":"publish","type":"page","link":"https:\/\/adronix.ch\/?page_id=27","title":{"rendered":"Appui technologique pour PME"},"content":{"rendered":"\n<h2 class=\"wp-block-heading\">Appui technologique pour PME<\/h2>\n\n\n\n<p>Il est souvent difficile pour une PME de ma\u00eetriser tous les aspects techniques n\u00e9cessaires \u00e0 proposer des produits comp\u00e9titifs sur son march\u00e9. Il peut aussi arriver qu&rsquo;un probl\u00e8me semble insoluble et qu&rsquo;une vision ext\u00e9rieure au projet puisse permettre de trouver une solution. <\/p>\n\n\n\n<p>Dans ces diff\u00e9rents cas, et dans bien d&rsquo;autres, <strong>ADronix<\/strong> peut intervenir pour:<\/p>\n\n\n\n<p>&#8211; Aider au choix de la meilleure technologie adapt\u00e9e \u00e0 un produit ou \u00e0 une production<\/p>\n\n\n\n<p>&#8211; Trouver un sous-traitant pour un d\u00e9veloppement ou une production<\/p>\n\n\n\n<p>&#8211; G\u00e9rer un projet dans un domaine qui ne vous est pas familier<\/p>\n\n\n\n<p>&#8211; R\u00e9diger ou aider \u00e0 r\u00e9diger un cahier des charges pour un sous-traitant<\/p>\n\n\n\n<p>&#8211; Analyser et commenter une offre d&rsquo;un sous-traitant<\/p>\n\n\n\n<p>&#8211; Suivre et v\u00e9rifier le travail d&rsquo;un sous-traitant<\/p>\n\n\n\n<p>&#8211; Proposer des solutions optimales d&rsquo;industrialisation et de production<\/p>\n\n\n\n<p>&#8211; Analyser et aider \u00e0 r\u00e9soudre des probl\u00e8mes de production<\/p>\n\n\n\n<p>&#8211; Analyser et aider \u00e0 r\u00e9soudre des probl\u00e8mes de mise au point sur un prototype ou une pr\u00e9-s\u00e9rie<\/p>\n\n\n\n<p>&#8211; etc&#8230;<\/p>\n","protected":false},"excerpt":{"rendered":"<p>Appui technologique pour PME Il est souvent difficile pour une PME de ma\u00eetriser tous les aspects techniques n\u00e9cessaires \u00e0 proposer des produits comp\u00e9titifs sur son march\u00e9. Il peut aussi arriver qu&rsquo;un probl\u00e8me semble insoluble et qu&rsquo;une vision ext\u00e9rieure au projet puisse permettre de trouver une solution. Dans ces diff\u00e9rents cas, et dans bien d&rsquo;autres, ADronix<\/p><\/div>\n<div class=\"blog-btn\"><a href=\"https:\/\/adronix.ch\/?page_id=27\" class=\"home-blog-btn\">Lire la suite<\/a><\/p>\n","protected":false},"author":1,"featured_media":0,"parent":0,"menu_order":0,"comment_status":"closed","ping_status":"closed","template":"","meta":{"footnotes":""},"class_list":["post-27","page","type-page","status-publish","hentry"],"_links":{"self":[{"href":"https:\/\/adronix.ch\/index.php?rest_route=\/wp\/v2\/pages\/27"}],"collection":[{"href":"https:\/\/adronix.ch\/index.php?rest_route=\/wp\/v2\/pages"}],"about":[{"href":"https:\/\/adronix.ch\/index.php?rest_route=\/wp\/v2\/types\/page"}],"author":[{"embeddable":true,"href":"https:\/\/adronix.ch\/index.php?rest_route=\/wp\/v2\/users\/1"}],"replies":[{"embeddable":true,"href":"https:\/\/adronix.ch\/index.php?rest_route=%2Fwp%2Fv2%2Fcomments&post=27"}],"version-history":[{"count":6,"href":"https:\/\/adronix.ch\/index.php?rest_route=\/wp\/v2\/pages\/27\/revisions"}],"predecessor-version":[{"id":234,"href":"https:\/\/adronix.ch\/index.php?rest_route=\/wp\/v2\/pages\/27\/revisions\/234"}],"wp:attachment":[{"href":"https:\/\/adronix.ch\/index.php?rest_route=%2Fwp%2Fv2%2Fmedia&parent=27"}],"curies":[{"name":"wp","href":"https:\/\/api.w.org\/{rel}","templated":true}]}}