{"id":265,"date":"2024-09-23T21:32:20","date_gmt":"2024-09-23T19:32:20","guid":{"rendered":"https:\/\/adronix.ch\/?page_id=265"},"modified":"2026-04-16T17:50:58","modified_gmt":"2026-04-16T15:50:58","slug":"programmation-embarquee","status":"publish","type":"page","link":"https:\/\/adronix.ch\/?page_id=265","title":{"rendered":"Programmation embarqu\u00e9e"},"content":{"rendered":"\n<p>ADronix S\u00e0rl est sp\u00e9cialis\u00e9e dans la programmation en informatique embarqu\u00e9e, sp\u00e9cialement pour des applications fonctionnant en temps r\u00e9el strict. Nous travaillons sur microcontr\u00f4leur mono-ou multi-coeurs comme ceux de la s\u00e9rie STM32 de ST. Nos d\u00e9veloppements portent aussi sur l&rsquo;\u00e9criture de code pour les FPGA.<\/p>\n\n\n\n<p>Exemples r\u00e9alis\u00e9s:<\/p>\n\n\n<div class=\"wp-block-image\">\n<figure class=\"alignright size-full is-resized\"><img loading=\"lazy\" decoding=\"async\" width=\"263\" height=\"137\" src=\"https:\/\/adronix.ch\/wp-content\/uploads\/2025\/11\/Code.png\" alt=\"\" class=\"wp-image-302\" style=\"width:329px;height:auto\"\/><\/figure><\/div>\n\n\n<ul class=\"wp-block-list\">\n<li>Pile TCP\/IP propri\u00e9taire avec IP\/TCP\/UDP\/ARP\/ICMP\/DHCP\/SNTP<\/li>\n\n\n\n<li>Pilotage de moteurs pas-\u00e0-pas sur FPGA<\/li>\n\n\n\n<li>Drivers pour moteurs brushless<\/li>\n\n\n\n<li>Drivers pour moteurs DC et pas-\u00e0-pas<\/li>\n\n\n\n<li>Drivers pour moteurs sp\u00e9ciaux\u2026<\/li>\n\n\n\n<li>Commande de pr\u00e9cision pour asservissement de temp\u00e9rature<\/li>\n\n\n\n<li>Programmation \u00e0 tr\u00e8s basse consommation<\/li>\n\n\n\n<li>Application de datalogger avec publication web<\/li>\n\n\n\n<li>Outil de programmation, monitoring, pilotage sur PC ou sur Raspberry pi<\/li>\n<\/ul>\n\n\n\n<p><\/p>\n\n\n\n<p><\/p>\n\n\n\n<p><\/p>\n","protected":false},"excerpt":{"rendered":"<p>ADronix S\u00e0rl est sp\u00e9cialis\u00e9e dans la programmation en informatique embarqu\u00e9e, sp\u00e9cialement pour des applications fonctionnant en temps r\u00e9el strict. Nous travaillons sur microcontr\u00f4leur mono-ou multi-coeurs comme ceux de la s\u00e9rie STM32 de ST. Nos d\u00e9veloppements portent aussi sur l&rsquo;\u00e9criture de code pour les FPGA. Exemples r\u00e9alis\u00e9s:<\/p>\n","protected":false},"author":1,"featured_media":0,"parent":0,"menu_order":0,"comment_status":"closed","ping_status":"closed","template":"","meta":{"footnotes":""},"class_list":["post-265","page","type-page","status-publish","hentry"],"_links":{"self":[{"href":"https:\/\/adronix.ch\/index.php?rest_route=\/wp\/v2\/pages\/265"}],"collection":[{"href":"https:\/\/adronix.ch\/index.php?rest_route=\/wp\/v2\/pages"}],"about":[{"href":"https:\/\/adronix.ch\/index.php?rest_route=\/wp\/v2\/types\/page"}],"author":[{"embeddable":true,"href":"https:\/\/adronix.ch\/index.php?rest_route=\/wp\/v2\/users\/1"}],"replies":[{"embeddable":true,"href":"https:\/\/adronix.ch\/index.php?rest_route=%2Fwp%2Fv2%2Fcomments&post=265"}],"version-history":[{"count":5,"href":"https:\/\/adronix.ch\/index.php?rest_route=\/wp\/v2\/pages\/265\/revisions"}],"predecessor-version":[{"id":351,"href":"https:\/\/adronix.ch\/index.php?rest_route=\/wp\/v2\/pages\/265\/revisions\/351"}],"wp:attachment":[{"href":"https:\/\/adronix.ch\/index.php?rest_route=%2Fwp%2Fv2%2Fmedia&parent=265"}],"curies":[{"name":"wp","href":"https:\/\/api.w.org\/{rel}","templated":true}]}}