{"id":262,"date":"2024-09-23T21:20:43","date_gmt":"2024-09-23T19:20:43","guid":{"rendered":"https:\/\/adronix.ch\/?page_id=262"},"modified":"2025-10-31T22:35:48","modified_gmt":"2025-10-31T21:35:48","slug":"developpement-electronique","status":"publish","type":"page","link":"https:\/\/adronix.ch\/?page_id=262","title":{"rendered":"D\u00e9veloppement \u00e9lectronique"},"content":{"rendered":"\n<p>Nous existons pour d\u00e9velopper et produire les parties \u00e9lectroniques et m\u00e9catroniques de vos machines industrielles. Nous sommes en effet sp\u00e9cialis\u00e9s dans la conception de produits qui r\u00e9pondent aux exigences industrielles en terme de performances, de fiabilit\u00e9 et de co\u00fbts.<\/p>\n\n\n<div class=\"wp-block-image\">\n<figure class=\"alignright size-full is-resized\"><img loading=\"lazy\" decoding=\"async\" width=\"552\" height=\"585\" src=\"https:\/\/adronix.ch\/wp-content\/uploads\/2025\/10\/PCB.png\" alt=\"\" class=\"wp-image-297\" style=\"width:227px;height:auto\" srcset=\"https:\/\/adronix.ch\/wp-content\/uploads\/2025\/10\/PCB.png 552w, https:\/\/adronix.ch\/wp-content\/uploads\/2025\/10\/PCB-283x300.png 283w\" sizes=\"(max-width: 552px) 100vw, 552px\" \/><\/figure><\/div>\n\n\n<ul class=\"wp-block-list\">\n<li>Commande compl\u00e8te pour machine industrielle comprenant 4 processeurs.<\/li>\n\n\n\n<li>Drivers de moteur brushless \u00e0 tr\u00e8s haute performance.<\/li>\n\n\n\n<li>Filtrage pour signaux.<\/li>\n\n\n\n<li>Carte d\u2019interconnexion pour armoire \u00e9lectrique.<\/li>\n\n\n\n<li>Banc de test pour mat\u00e9riaux chauffant<\/li>\n\n\n\n<li>Pilotage de moteur pas-\u00e0-pas sur FPGA<\/li>\n\n\n\n<li>&#8230;<\/li>\n<\/ul>\n\n\n\n<p><\/p>\n","protected":false},"excerpt":{"rendered":"<p>Nous existons pour d\u00e9velopper et produire les parties \u00e9lectroniques et m\u00e9catroniques de vos machines industrielles. Nous sommes en effet sp\u00e9cialis\u00e9s dans la conception de produits qui r\u00e9pondent aux exigences industrielles en terme de performances, de fiabilit\u00e9 et de co\u00fbts.<\/p>\n","protected":false},"author":1,"featured_media":0,"parent":0,"menu_order":0,"comment_status":"closed","ping_status":"closed","template":"","meta":{"footnotes":""},"class_list":["post-262","page","type-page","status-publish","hentry"],"_links":{"self":[{"href":"https:\/\/adronix.ch\/index.php?rest_route=\/wp\/v2\/pages\/262"}],"collection":[{"href":"https:\/\/adronix.ch\/index.php?rest_route=\/wp\/v2\/pages"}],"about":[{"href":"https:\/\/adronix.ch\/index.php?rest_route=\/wp\/v2\/types\/page"}],"author":[{"embeddable":true,"href":"https:\/\/adronix.ch\/index.php?rest_route=\/wp\/v2\/users\/1"}],"replies":[{"embeddable":true,"href":"https:\/\/adronix.ch\/index.php?rest_route=%2Fwp%2Fv2%2Fcomments&post=262"}],"version-history":[{"count":5,"href":"https:\/\/adronix.ch\/index.php?rest_route=\/wp\/v2\/pages\/262\/revisions"}],"predecessor-version":[{"id":301,"href":"https:\/\/adronix.ch\/index.php?rest_route=\/wp\/v2\/pages\/262\/revisions\/301"}],"wp:attachment":[{"href":"https:\/\/adronix.ch\/index.php?rest_route=%2Fwp%2Fv2%2Fmedia&parent=262"}],"curies":[{"name":"wp","href":"https:\/\/api.w.org\/{rel}","templated":true}]}}