{"id":217,"date":"2021-05-09T10:52:41","date_gmt":"2021-05-09T08:52:41","guid":{"rendered":"http:\/\/www.adronix.ch\/?page_id=217"},"modified":"2021-05-09T11:04:26","modified_gmt":"2021-05-09T09:04:26","slug":"conseil-dadministration","status":"publish","type":"page","link":"https:\/\/adronix.ch\/?page_id=217","title":{"rendered":"Conseil d&rsquo;administration"},"content":{"rendered":"\n<h2 class=\"wp-block-heading\">Conseil d&rsquo;administration<\/h2>\n\n\n\n<p>\nDans\nun Conseil d\u2019administration on retrouve le\/s\npropri\u00e9taire\/s, le\/s fondateur\/s, un\/e financier\/e, un\/e juriste,\n&#8230; mais il manque souvent un expert externe qui puisse conseiller\nl\u2019entreprise sur des aspects plus li\u00e9s \u00e0 la technique et \u00e0 son\n\u00e9volution. Ce r\u00f4le est quelquefois rempli par un conseil\nconsultatif sans port\u00e9e juridique mais peu de soci\u00e9t\u00e9s poss\u00e8de un\ntel conseil.<\/p>\n\n\n\n<p> Nous pouvons jouer le r\u00f4le de conseiller technologique soit directement au sein du Conseil d\u2019Administration soit par l\u2019interm\u00e9diaire d\u2019un Conseil Consultatif (Advisory board). Des interventions ponctuelles, sur mandat, sont aussi en tout temps possibles.  N\u2019h\u00e9sitez pas \u00e0 faire appel \u00e0 nos services pour vous conseiller dans les choix que vous avez \u00e0 prendre<\/p>\n\n\n\n<p><\/p>\n\n\n\n<p><strong>ADronix<\/strong> peut par exemple intervenir de la mani\u00e8re suivante:<\/p>\n\n\n\n<p>\u2013 Analyser\net critiquer une option technologique pour le d\u00e9veloppement de\nl\u2019entreprise.<\/p>\n\n\n\n<p>\u2013 Aider\n\u00e0 analyser des possibilit\u00e9s de collaboration et\/ou rachat et\/ou\nfusion.<\/p>\n\n\n\n<p>\u2013 Pr\u00e9senter\nun \u00e9tat de l\u2019art de la technique et en analyser l\u2019ad\u00e9quation\npour l\u2019entreprise.<\/p>\n\n\n\n<p>\u2013 Superviser\nun projet dans un domaine technique\nqui n\u2019est\npas familier \u00e0 la\nmajorit\u00e9 du conseil.<\/p>\n","protected":false},"excerpt":{"rendered":"<p>Conseil d&rsquo;administration Dans un Conseil d\u2019administration on retrouve le\/s propri\u00e9taire\/s, le\/s fondateur\/s, un\/e financier\/e, un\/e juriste, &#8230; mais il manque souvent un expert externe qui puisse conseiller l\u2019entreprise sur des aspects plus li\u00e9s \u00e0 la technique et \u00e0 son \u00e9volution. Ce r\u00f4le est quelquefois rempli par un conseil consultatif sans port\u00e9e juridique mais peu de<\/p><\/div>\n<div class=\"blog-btn\"><a href=\"https:\/\/adronix.ch\/?page_id=217\" class=\"home-blog-btn\">Lire la suite<\/a><\/p>\n","protected":false},"author":1,"featured_media":0,"parent":0,"menu_order":0,"comment_status":"closed","ping_status":"closed","template":"","meta":{"footnotes":""},"class_list":["post-217","page","type-page","status-publish","hentry"],"_links":{"self":[{"href":"https:\/\/adronix.ch\/index.php?rest_route=\/wp\/v2\/pages\/217"}],"collection":[{"href":"https:\/\/adronix.ch\/index.php?rest_route=\/wp\/v2\/pages"}],"about":[{"href":"https:\/\/adronix.ch\/index.php?rest_route=\/wp\/v2\/types\/page"}],"author":[{"embeddable":true,"href":"https:\/\/adronix.ch\/index.php?rest_route=\/wp\/v2\/users\/1"}],"replies":[{"embeddable":true,"href":"https:\/\/adronix.ch\/index.php?rest_route=%2Fwp%2Fv2%2Fcomments&post=217"}],"version-history":[{"count":3,"href":"https:\/\/adronix.ch\/index.php?rest_route=\/wp\/v2\/pages\/217\/revisions"}],"predecessor-version":[{"id":223,"href":"https:\/\/adronix.ch\/index.php?rest_route=\/wp\/v2\/pages\/217\/revisions\/223"}],"wp:attachment":[{"href":"https:\/\/adronix.ch\/index.php?rest_route=%2Fwp%2Fv2%2Fmedia&parent=217"}],"curies":[{"name":"wp","href":"https:\/\/api.w.org\/{rel}","templated":true}]}}