{"id":209,"date":"2020-06-14T15:35:40","date_gmt":"2020-06-14T13:35:40","guid":{"rendered":"http:\/\/www.adronix.ch\/?page_id=209"},"modified":"2020-06-18T11:08:52","modified_gmt":"2020-06-18T09:08:52","slug":"adronix-energie","status":"publish","type":"page","link":"https:\/\/adronix.ch\/?page_id=209","title":{"rendered":"ADronix Energie"},"content":{"rendered":"\n<p>Solutions pour la gestion de l&rsquo;\u00e9nergie \u00e9lectrique produite localement (photovolta\u00efque, voiture \u00e9lectrique, chauffage etc&#8230;)<\/p>\n\n\n\n<p>Plus d&rsquo;informations suivront.<\/p>\n","protected":false},"excerpt":{"rendered":"<p>Solutions pour la gestion de l&rsquo;\u00e9nergie \u00e9lectrique produite localement (photovolta\u00efque, voiture \u00e9lectrique, chauffage etc&#8230;) Plus d&rsquo;informations suivront.<\/p>\n","protected":false},"author":1,"featured_media":0,"parent":0,"menu_order":0,"comment_status":"closed","ping_status":"closed","template":"","meta":{"footnotes":""},"class_list":["post-209","page","type-page","status-publish","hentry"],"_links":{"self":[{"href":"https:\/\/adronix.ch\/index.php?rest_route=\/wp\/v2\/pages\/209"}],"collection":[{"href":"https:\/\/adronix.ch\/index.php?rest_route=\/wp\/v2\/pages"}],"about":[{"href":"https:\/\/adronix.ch\/index.php?rest_route=\/wp\/v2\/types\/page"}],"author":[{"embeddable":true,"href":"https:\/\/adronix.ch\/index.php?rest_route=\/wp\/v2\/users\/1"}],"replies":[{"embeddable":true,"href":"https:\/\/adronix.ch\/index.php?rest_route=%2Fwp%2Fv2%2Fcomments&post=209"}],"version-history":[{"count":2,"href":"https:\/\/adronix.ch\/index.php?rest_route=\/wp\/v2\/pages\/209\/revisions"}],"predecessor-version":[{"id":215,"href":"https:\/\/adronix.ch\/index.php?rest_route=\/wp\/v2\/pages\/209\/revisions\/215"}],"wp:attachment":[{"href":"https:\/\/adronix.ch\/index.php?rest_route=%2Fwp%2Fv2%2Fmedia&parent=209"}],"curies":[{"name":"wp","href":"https:\/\/api.w.org\/{rel}","templated":true}]}}