{"id":111,"date":"2019-11-18T23:30:54","date_gmt":"2019-11-18T22:30:54","guid":{"rendered":"http:\/\/www.adronix.ch\/?page_id=111"},"modified":"2025-10-31T22:27:45","modified_gmt":"2025-10-31T21:27:45","slug":"contact-2","status":"publish","type":"page","link":"https:\/\/adronix.ch\/?page_id=111","title":{"rendered":"Contactez-nous"},"content":{"rendered":"\n<p><\/p>\n\n\n\n<p><\/p>\n\n\n\n<p><strong>ADronix S\u00e0rl<\/strong><br>Levraz 7<br>CH-2016 Cortaillod \/Suisse<br><br> info_at_adronix.ch (remplacer _at_ par @) <br><br> +41_076_822_27_91 <\/p>\n\n\n\n<p>Si\u00e8ge social: Levraz 7, CH-2016 Cortaillod\/Suisse<\/p>\n\n\n\n<p><\/p>\n\n\n\n<figure class=\"wp-block-pullquote\"><blockquote><p>Aucun poste ni place de stage n&rsquo;est \u00e0 repourvoir.<br>Nous ne r\u00e9pondons donc pas aux offres spontan\u00e9es.<\/p><\/blockquote><\/figure>\n\n\n\n<p><\/p>\n","protected":false},"excerpt":{"rendered":"<p>ADronix S\u00e0rlLevraz 7CH-2016 Cortaillod \/Suisse info_at_adronix.ch (remplacer _at_ par @) +41_076_822_27_91 Si\u00e8ge social: Levraz 7, CH-2016 Cortaillod\/Suisse Aucun poste ni place de stage n&rsquo;est \u00e0 repourvoir.Nous ne r\u00e9pondons donc pas aux offres spontan\u00e9es.<\/p>\n","protected":false},"author":1,"featured_media":0,"parent":0,"menu_order":0,"comment_status":"closed","ping_status":"closed","template":"","meta":{"footnotes":""},"class_list":["post-111","page","type-page","status-publish","hentry"],"_links":{"self":[{"href":"https:\/\/adronix.ch\/index.php?rest_route=\/wp\/v2\/pages\/111"}],"collection":[{"href":"https:\/\/adronix.ch\/index.php?rest_route=\/wp\/v2\/pages"}],"about":[{"href":"https:\/\/adronix.ch\/index.php?rest_route=\/wp\/v2\/types\/page"}],"author":[{"embeddable":true,"href":"https:\/\/adronix.ch\/index.php?rest_route=\/wp\/v2\/users\/1"}],"replies":[{"embeddable":true,"href":"https:\/\/adronix.ch\/index.php?rest_route=%2Fwp%2Fv2%2Fcomments&post=111"}],"version-history":[{"count":12,"href":"https:\/\/adronix.ch\/index.php?rest_route=\/wp\/v2\/pages\/111\/revisions"}],"predecessor-version":[{"id":296,"href":"https:\/\/adronix.ch\/index.php?rest_route=\/wp\/v2\/pages\/111\/revisions\/296"}],"wp:attachment":[{"href":"https:\/\/adronix.ch\/index.php?rest_route=%2Fwp%2Fv2%2Fmedia&parent=111"}],"curies":[{"name":"wp","href":"https:\/\/api.w.org\/{rel}","templated":true}]}}